{"id":23169,"date":"2025-04-10T15:06:41","date_gmt":"2025-04-10T12:06:41","guid":{"rendered":"https:\/\/ersaglife.de\/?post_type=product&#038;p=23169"},"modified":"2025-09-03T07:16:19","modified_gmt":"2025-09-03T04:16:19","slug":"ersag-clean-ball-massage-creme-100ml","status":"publish","type":"product","link":"https:\/\/ersaglife.de\/fr\/shop\/ersag-clean-ball-massage-creme-100ml\/","title":{"rendered":"Ersag Clean-Ball Massage Creme 100ml"},"content":{"rendered":"<div class=\"wpb-content-wrapper\"><p>[vc_row][vc_column]\t\t<div id=\"wd-673219b55c691\" class=\"wd-text-block wd-wpb reset-last-child wd-rs-673219b55c691 text-left wd-fontsize-custom vc_custom_1731336634768\">\n\t\t\t<h2><strong><span style=\"color: #000000;\">Holen Sie sich die Ersa\u011f CleanBall Massagecreme inklusive Geschenke!<\/span><\/strong><\/h2>\n<p><span style=\"color: #000000;\">Nutzen Sie als Ersa\u011f-Mitglied exklusive Vorteile, wenn Sie die Ersa\u011f CleanBall Massagecreme in Deutschland und ganz Europa bestellen! Sie k\u00f6nnen Ersa\u011f-Produkte ganz einfach \u00fcber unsere Website erwerben. Auch ohne Mitgliedschaft k\u00f6nnen Sie bei einem unserer Ersa\u011f-Vertreter in Ihrer N\u00e4he bestellen und unsere Produkte zum Katalogpreis erhalten.<\/span><\/p>\n<p><strong><span style=\"color: #000000;\">Exklusive Angebote f\u00fcr Ersa\u011f-Mitglieder:<\/span><\/strong><br \/>\n<span style=\"color: #000000;\">Mit einer Bestellung ab 2 Punkten erhalten Sie die M\u00f6glichkeit, im Rahmen unserer aktuellen Aktion ein zus\u00e4tzliches Produkt als Geschenk auszuw\u00e4hlen. Wenn Sie Ihre Bestellung auf mindestens 4 Punkte erh\u00f6hen, k\u00f6nnen Sie sich sogar 3 Geschenke sichern! Au\u00dferdem profitieren Sie von kostenlosem Versand direkt an Ihre Haust\u00fcr.<\/span><\/p>\n<p><span style=\"color: #000000;\">Bestellen Sie jetzt und nutzen Sie die attraktiven Ersa\u011f-Angebote \u2013 g\u00f6nnen Sie sich die Ersa\u011f CleanBall Massagecreme zu vorteilhaften Konditionen!<\/span><\/p>\n\t\t<\/div>\n\t\t[vc_empty_space woodmart_hide_large=\u00a0\u00bb0&Prime; woodmart_hide_medium=\u00a0\u00bb0&Prime; woodmart_hide_small=\u00a0\u00bb0&Prime;][\/vc_column][\/vc_row][vc_row content_placement=\u00a0\u00bbmiddle\u00a0\u00bb css=\u00a0\u00bb.vc_custom_1632566163505{margin-bottom: 60px !important;}\u00a0\u00bb woodmart_box_shadow=\u00a0\u00bbno\u00a0\u00bb wd_z_index=\u00a0\u00bbno\u00a0\u00bb woodmart_css_id=\u00a0\u00bb614efb885b0d8&Prime; responsive_spacing=\u00a0\u00bbeyJwYXJhbV90eXBlIjoid29vZG1hcnRfcmVzcG9uc2l2ZV9zcGFjaW5nIiwic2VsZWN0b3JfaWQiOiI2MTRlZmI4ODViMGQ4Iiwic2hvcnRjb2RlIjoidmNfcm93IiwiZGF0YSI6eyJ0YWJsZXQiOnt9LCJtb2JpbGUiOnt9fX0=\u00a0\u00bb mobile_bg_img_hidden=\u00a0\u00bbno\u00a0\u00bb tablet_bg_img_hidden=\u00a0\u00bbno\u00a0\u00bb woodmart_parallax=\u00a0\u00bb0&Prime; woodmart_gradient_switch=\u00a0\u00bbno\u00a0\u00bb row_reverse_mobile=\u00a0\u00bb0&Prime; row_reverse_tablet=\u00a0\u00bb0&Prime; woodmart_disable_overflow=\u00a0\u00bb0&Prime;][vc_column offset=\u00a0\u00bbvc_col-md-6&Prime;]\t\t<div id=\"wd-65f59ae85f177\" class=\"wd-image wd-wpb wd-rs-65f59ae85f177 text-right vc_custom_1710594810766\">\n\t\t\t\n\t\t\t<img decoding=\"async\" width=\"694\" height=\"601\" src=\"https:\/\/ersaglife.de\/wp-content\/uploads\/2024\/02\/sayfa-040-ersag-2024-katalog-guncel-en-son-yeni-694x601-1.jpg\" class=\"attachment-full size-full\" alt=\"Ersag Clean Ball Masaj Kremi 200ml Ersag Clean-Ball Massage Creme 200ml Ersag Clean Ball Massage Creme 200ml\" srcset=\"https:\/\/ersaglife.de\/wp-content\/uploads\/2024\/02\/sayfa-040-ersag-2024-katalog-guncel-en-son-yeni-694x601-1.jpg 694w, https:\/\/ersaglife.de\/wp-content\/uploads\/2024\/02\/sayfa-040-ersag-2024-katalog-guncel-en-son-yeni-694x601-1-430x372.jpg 430w, https:\/\/ersaglife.de\/wp-content\/uploads\/2024\/02\/sayfa-040-ersag-2024-katalog-guncel-en-son-yeni-694x601-1-150x130.jpg 150w, https:\/\/ersaglife.de\/wp-content\/uploads\/2024\/02\/sayfa-040-ersag-2024-katalog-guncel-en-son-yeni-694x601-1-346x300.jpg 346w\" sizes=\"(max-width: 694px) 100vw, 694px\" title=\"\">\n\t\t\t\t\t<\/div>\n\t\t[\/vc_column][vc_column css=\u00a0\u00bb.vc_custom_1496394189503{padding-top: 0px !important;}\u00a0\u00bb offset=\u00a0\u00bbvc_col-md-6&Prime;]\n\t\t<div id=\"wd-6732199d960af\" class=\"title-wrapper wd-wpb wd-set-mb reset-last-child  wd-rs-6732199d960af wd-title-color-default wd-title-style-default text-left vc_custom_1731336625433 wd-width-custom wd-underline-colored\">\n\t\t\t\n\t\t\t<div class=\"liner-continer\">\n\t\t\t\t<h2 class=\"woodmart-title-container title  wd-font-weight- wd-fontsize-l\" >Was kostet die Ersa\u011f CleanBall Massagecreme?<\/h2>\n\t\t\t\t\t\t\t<\/div>\n\t\t\t\n\t\t\t\n\t\t\t\n\t\t<\/div>\n\t\t\n\t\t\t\t<div id=\"wd-673210b81fd01\" class=\"wd-text-block wd-wpb reset-last-child wd-rs-673210b81fd01 text-left \">\n\t\t\t<table style=\"height: 172px;\" width=\"576\">\n<tbody>\n<tr>\n<td width=\"214\">\u00a0<span style=\"color: #83b735;\"><strong>Clean-Ball Massage Creme<\/strong><\/span><\/td>\n<td width=\"214\"><span style=\"color: #83b735;\"><strong>100 ml<\/strong><\/span><\/td>\n<td width=\"214\"><span style=\"color: #83b735;\"><strong>200 ml<\/strong><\/span><\/td>\n<\/tr>\n<tr>\n<td width=\"214\">Produktcode:<\/td>\n<td width=\"214\">224<\/td>\n<td width=\"214\">112<\/td>\n<\/tr>\n<tr>\n<td width=\"214\">Produktbewertung:<\/td>\n<td width=\"214\">1,08<\/td>\n<td width=\"214\">1,637<\/td>\n<\/tr>\n<tr>\n<td width=\"214\">Katalogpreis:<\/td>\n<td width=\"214\"><span style=\"color: #000000;\"><strong>20,24\u20ac<\/strong><\/span><\/td>\n<td width=\"214\"><span style=\"color: #000000;\"><strong>30,68\u20ac<\/strong><\/span><\/td>\n<\/tr>\n<tr>\n<td width=\"214\">Mitgliedspreis:<\/td>\n<td width=\"214\"><span style=\"color: #000000;\"><strong>16,19\u20ac<\/strong><\/span><\/td>\n<td width=\"214\"><span style=\"color: #000000;\"><strong>24,54\u20ac<\/strong><\/span><\/td>\n<\/tr>\n<\/tbody>\n<\/table>\n\t\t<\/div>\n\t\t\t\t<div id=\"wd-6732107b52bab\" class=\"wd-text-block wd-wpb reset-last-child wd-rs-6732107b52bab text-left wd-fontsize-custom \">\n\t\t\t<p><em><span style=\"color: #808080;\">Sie k\u00f6nnen dieses Produkt zum Katalogpreis kaufen, ohne Mitglied zu sein. Bitte kontaktieren Sie uns, um mit Ersa\u011f Membership Advantage zu kaufen.<\/span><\/em><\/p>\n\t\t<\/div>\n\t\t[vc_raw_html css=\u00a0\u00bb\u00a0\u00bb]JTVCaHRtbF9ibG9jayUyMGlkJTNEJTIyMjMzMjUlMjIlNUQ=[\/vc_raw_html][\/vc_column][\/vc_row][vc_row el_id=\u00a0\u00bburun-aciklama-ozendirici-metin-DE\u00a0\u00bb woodmart_css_id=\u00a0\u00bb6732194f6f4b5&Prime; responsive_spacing=\u00a0\u00bbeyJwYXJhbV90eXBlIjoid29vZG1hcnRfcmVzcG9uc2l2ZV9zcGFjaW5nIiwic2VsZWN0b3JfaWQiOiI2NzMyMTk0ZjZmNGI1Iiwic2hvcnRjb2RlIjoidmNfcm93IiwiZGF0YSI6eyJ0YWJsZXQiOnt9LCJtb2JpbGUiOnt9fX0=\u00a0\u00bb mobile_bg_img_hidden=\u00a0\u00bbno\u00a0\u00bb tablet_bg_img_hidden=\u00a0\u00bbno\u00a0\u00bb woodmart_parallax=\u00a0\u00bb0&Prime; woodmart_gradient_switch=\u00a0\u00bbno\u00a0\u00bb woodmart_box_shadow=\u00a0\u00bbno\u00a0\u00bb wd_z_index=\u00a0\u00bbno\u00a0\u00bb woodmart_disable_overflow=\u00a0\u00bb0&Prime; row_reverse_mobile=\u00a0\u00bb0&Prime; row_reverse_tablet=\u00a0\u00bb0&Prime;][vc_column][vc_raw_html]JTVCaHRtbF9ibG9jayUyMGlkJTNEJTIyMTAxNDIlMjIlNUQ=[\/vc_raw_html][\/vc_column][\/vc_row][vc_row el_id=\u00a0\u00bburun-ici-uyelik-ozendirici-metin-DE\u00a0\u00bb woodmart_css_id=\u00a0\u00bb6732185ea0d00&Prime; responsive_spacing=\u00a0\u00bbeyJwYXJhbV90eXBlIjoid29vZG1hcnRfcmVzcG9uc2l2ZV9zcGFjaW5nIiwic2VsZWN0b3JfaWQiOiI2NzMyMTg1ZWEwZDAwIiwic2hvcnRjb2RlIjoidmNfcm93IiwiZGF0YSI6eyJ0YWJsZXQiOnt9LCJtb2JpbGUiOnt9fX0=\u00a0\u00bb mobile_bg_img_hidden=\u00a0\u00bbno\u00a0\u00bb tablet_bg_img_hidden=\u00a0\u00bbno\u00a0\u00bb woodmart_parallax=\u00a0\u00bb0&Prime; woodmart_gradient_switch=\u00a0\u00bbno\u00a0\u00bb woodmart_box_shadow=\u00a0\u00bbno\u00a0\u00bb wd_z_index=\u00a0\u00bbno\u00a0\u00bb woodmart_disable_overflow=\u00a0\u00bb0&Prime; row_reverse_mobile=\u00a0\u00bb0&Prime; row_reverse_tablet=\u00a0\u00bb0&Prime;][vc_column][vc_raw_html]JTVCaHRtbF9ibG9jayUyMGlkJTNEJTIyMTA0NDAlMjIlNUQ=[\/vc_raw_html][vc_empty_space woodmart_hide_large=\u00a0\u00bb0&Prime; woodmart_hide_medium=\u00a0\u00bb0&Prime; woodmart_hide_small=\u00a0\u00bb0&Prime;][vc_single_image image=\u00a0\u00bb23220&Prime; img_size=\u00a0\u00bbfull\u00a0\u00bb onclick=\u00a0\u00bbcustom_link\u00a0\u00bb css=\u00a0\u00bb\u00a0\u00bb parallax_scroll=\u00a0\u00bbno\u00a0\u00bb woodmart_inline=\u00a0\u00bbno\u00a0\u00bb link=\u00a0\u00bbhttps:\/\/ersaglife.de\/deutschland\/blog-de\/ersag-clean-ball-massage-creme-erfrischendes-und-feuchtigkeitsspendendes-massage-erlebnis\/\u00a0\u00bb]\t\t<div id=\"wd-67321b97462d8\" class=\"wd-text-block wd-wpb reset-last-child wd-rs-67321b97462d8 text-left wd-fontsize-custom vc_custom_1731337130898\">\n\t\t\t<p><span style=\"color: #000000;\"><strong>Ersag CleanBall Massagecreme: Pure Entspannung f\u00fcr K\u00f6rper und Seele!<\/strong><\/span><\/p>\n<h3><span style=\"color: #000000;\">Anwendungshinweise<\/span><\/h3>\n<p><span style=\"color: #000000;\">Tragen Sie die <em><span style=\"color: #3366ff;\"><strong><a style=\"color: #3366ff;\" href=\"https:\/\/ersaglife.de\/deutschland\/blog-de\/ersag-clean-ball-massage-creme-erfrischendes-und-feuchtigkeitsspendendes-massage-erlebnis\/\" target=\"_blank\" rel=\"noopener\">Ersa\u011f CleanBall Massagecreme<\/a><\/strong><\/span><\/em> einfach auf die gew\u00fcnschte Stelle auf und massieren Sie sie sanft mit kreisenden Bewegungen ein, bis die Creme vollst\u00e4ndig eingezogen ist. Genie\u00dfen Sie, wie jede Bewegung nicht nur Ihre k\u00f6rperliche Entspannung f\u00f6rdert, sondern auch Ihr seelisches Wohlbefinden st\u00e4rkt. Erleben Sie stressabbauende Momente und eine tiefgehende Muskelentspannung.<\/span><\/p>\n<h3><span style=\"color: #000000;\">Warum Ersag CleanBall Massagecreme w\u00e4hlen?<\/span><\/h3>\n<ul>\n<li><span style=\"color: #000000;\"><strong>Muskelentspannung:<\/strong> Lassen Sie den Alltag los und g\u00f6nnen Sie Ihren Muskeln die wohltuende Entspannung, die sie verdienen.<\/span><\/li>\n<li><span style=\"color: #000000;\"><strong>Stressabbau:<\/strong> Finden Sie zu Ihrer inneren Ruhe zur\u00fcck, indem Sie den Stress aktiv abbauen.<\/span><\/li>\n<li><span style=\"color: #000000;\"><strong>Intensive Hautpflege:<\/strong> Verw\u00f6hnen Sie Ihre Haut mit reichhaltiger Feuchtigkeit und verleihen Sie ihr Geschmeidigkeit und nat\u00fcrlichen Glanz.<\/span><\/li>\n<\/ul>\n\t\t<\/div>\n\t\t[vc_column_text woodmart_inline=\u00a0\u00bbno\u00a0\u00bb text_larger=\u00a0\u00bbno\u00a0\u00bb]<strong>Contents:<\/strong> Aqua, Cetearyl Isononanoate; Ceteareth-12; cetearyl alcohol; glyceryl stearate; glycerin; cetyl palmitate; Ceteareth-20, C12-15 Alkyl Benzoate, Cetearyl Isononanoate, Acrylates\/C10-30 Alkyl Acrylate Crosspolymer, Chamom\u0131lla Recut\u0131ta Flower Extract, Tocopheryl Acetate, Phenethyl Alcohol &amp; Caprylyl Glycol, Menthol, Benzyl Salicylate, Butylphenyl Methylpropional, Linalool, Limonene.[\/vc_column_text][\/vc_column][\/vc_row][vc_row el_id=\u00a0\u00bbguncel-kampanya\u00a0\u00bb woodmart_css_id=\u00a0\u00bb65e48e2260572&Prime; responsive_spacing=\u00a0\u00bbeyJwYXJhbV90eXBlIjoid29vZG1hcnRfcmVzcG9uc2l2ZV9zcGFjaW5nIiwic2VsZWN0b3JfaWQiOiI2NWU0OGUyMjYwNTcyIiwic2hvcnRjb2RlIjoidmNfcm93IiwiZGF0YSI6eyJ0YWJsZXQiOnt9LCJtb2JpbGUiOnt9fX0=\u00a0\u00bb mobile_bg_img_hidden=\u00a0\u00bbno\u00a0\u00bb tablet_bg_img_hidden=\u00a0\u00bbno\u00a0\u00bb woodmart_parallax=\u00a0\u00bb0&Prime; woodmart_gradient_switch=\u00a0\u00bbno\u00a0\u00bb woodmart_box_shadow=\u00a0\u00bbno\u00a0\u00bb wd_z_index=\u00a0\u00bbno\u00a0\u00bb woodmart_disable_overflow=\u00a0\u00bb0&Prime; row_reverse_mobile=\u00a0\u00bb0&Prime; row_reverse_tablet=\u00a0\u00bb0&Prime;][vc_column][vc_raw_html]JTVCaHRtbF9ibG9jayUyMGlkJTNEJTIyOTQ5NSUyMiU1RA==[\/vc_raw_html][\/vc_column][\/vc_row][vc_row el_id=\u00a0\u00bburun-aciklama-02-sosyal-media-takip\u00a0\u00bb woodmart_css_id=\u00a0\u00bb65ff050d8650b\u00a0\u00bb responsive_spacing=\u00a0\u00bbeyJwYXJhbV90eXBlIjoid29vZG1hcnRfcmVzcG9uc2l2ZV9zcGFjaW5nIiwic2VsZWN0b3JfaWQiOiI2NWZmMDUwZDg2NTBiIiwic2hvcnRjb2RlIjoidmNfcm93IiwiZGF0YSI6eyJ0YWJsZXQiOnt9LCJtb2JpbGUiOnt9fX0=\u00a0\u00bb mobile_bg_img_hidden=\u00a0\u00bbno\u00a0\u00bb tablet_bg_img_hidden=\u00a0\u00bbno\u00a0\u00bb woodmart_parallax=\u00a0\u00bb0&Prime; woodmart_gradient_switch=\u00a0\u00bbno\u00a0\u00bb woodmart_box_shadow=\u00a0\u00bbno\u00a0\u00bb wd_z_index=\u00a0\u00bbno\u00a0\u00bb woodmart_disable_overflow=\u00a0\u00bb0&Prime; row_reverse_mobile=\u00a0\u00bb0&Prime; row_reverse_tablet=\u00a0\u00bb0&Prime;][vc_column][vc_raw_html]JTVCaHRtbF9ibG9jayUyMGlkJTNEJTIyMTAyNDUlMjIlNUQ=[\/vc_raw_html][\/vc_column][\/vc_row]<\/p>\n<\/div>","protected":false},"excerpt":{"rendered":"<p><strong><span style=\"color: #000000;\">Ersag CleanBall Massagecreme: Pure Entspannung f\u00fcr K\u00f6rper und Geist!<\/span><\/strong><\/p>\n<p><strong><span style=\"color: #000000;\">Anwendungshinweise<\/span><\/strong><br \/>\n<span style=\"color: #000000;\">Tragen Sie die Ersa\u011f CleanBall Massagecreme auf die gew\u00fcnschte Stelle auf und massieren Sie sie sanft in kreisenden Bewegungen ein, bis die Creme vollst\u00e4ndig von Ihrer Haut aufgenommen wurde. Sp\u00fcren Sie, wie jede Bewegung nicht nur Ihre k\u00f6rperliche Entspannung f\u00f6rdert, sondern auch Ihr seelisches Wohlbefinden st\u00e4rkt. Erleben Sie stressabbauende Momente und eine tiefgehende Muskelentspannung.<\/span><\/p>\n<p><strong><span style=\"color: #000000;\">Warum Ersag CleanBall Massagecreme w\u00e4hlen?<\/span><\/strong><br \/>\n<span style=\"color: #000000;\">Tiefe Muskelentspannung: Lassen Sie den Tag hinter sich und g\u00f6nnen Sie Ihren Muskeln die wohltuende Entspannung, die sie verdienen.<\/span><br \/>\n<span style=\"color: #000000;\">Stressabbau: Finden Sie Ihre innere Ruhe und reduzieren Sie aktiv Stress bei jeder Massage.<\/span><br \/>\n<span style=\"color: #000000;\">Hautpflege: Profitieren Sie von intensiver Feuchtigkeitspflege, die Ihre Haut geschmeidig und strahlend macht.<\/span><\/p>\n","protected":false},"featured_media":9517,"comment_status":"open","ping_status":"closed","template":"","meta":[],"product_brand":[],"product_cat":[33],"product_tag":[241],"class_list":{"0":"post-23169","1":"product","2":"type-product","3":"status-publish","4":"has-post-thumbnail","6":"product_cat-lotions","7":"product_tag-cleanball","9":"first","10":"instock","11":"shipping-taxable","12":"purchasable","13":"product-type-simple"},"_links":{"self":[{"href":"https:\/\/ersaglife.de\/fr\/wp-json\/wp\/v2\/product\/23169","targetHints":{"allow":["GET"]}}],"collection":[{"href":"https:\/\/ersaglife.de\/fr\/wp-json\/wp\/v2\/product"}],"about":[{"href":"https:\/\/ersaglife.de\/fr\/wp-json\/wp\/v2\/types\/product"}],"replies":[{"embeddable":true,"href":"https:\/\/ersaglife.de\/fr\/wp-json\/wp\/v2\/comments?post=23169"}],"wp:featuredmedia":[{"embeddable":true,"href":"https:\/\/ersaglife.de\/fr\/wp-json\/wp\/v2\/media\/9517"}],"wp:attachment":[{"href":"https:\/\/ersaglife.de\/fr\/wp-json\/wp\/v2\/media?parent=23169"}],"wp:term":[{"taxonomy":"product_brand","embeddable":true,"href":"https:\/\/ersaglife.de\/fr\/wp-json\/wp\/v2\/product_brand?post=23169"},{"taxonomy":"product_cat","embeddable":true,"href":"https:\/\/ersaglife.de\/fr\/wp-json\/wp\/v2\/product_cat?post=23169"},{"taxonomy":"product_tag","embeddable":true,"href":"https:\/\/ersaglife.de\/fr\/wp-json\/wp\/v2\/product_tag?post=23169"}],"curies":[{"name":"wp","href":"https:\/\/api.w.org\/{rel}","templated":true}]}}