{"id":27821,"date":"2025-04-20T12:22:20","date_gmt":"2025-04-20T09:22:20","guid":{"rendered":"https:\/\/ersaglife.de\/?post_type=product&#038;p=27821"},"modified":"2025-04-20T12:26:15","modified_gmt":"2025-04-20T09:26:15","slug":"ersag-leinsamenoel-30ml","status":"publish","type":"product","link":"https:\/\/ersaglife.de\/tr\/shop\/ersag-leinsamenoel-30ml\/","title":{"rendered":"Ersag Leinsamen\u00f6l 30ml"},"content":{"rendered":"<div class=\"wpb-content-wrapper\"><p>[vc_row content_placement=&#8221;middle&#8221; css=&#8221;.vc_custom_1632566163505{margin-bottom: 60px !important;}&#8221; woodmart_box_shadow=&#8221;no&#8221; wd_z_index=&#8221;no&#8221; woodmart_css_id=&#8221;614efb885b0d8&#8243; responsive_spacing=&#8221;eyJwYXJhbV90eXBlIjoid29vZG1hcnRfcmVzcG9uc2l2ZV9zcGFjaW5nIiwic2VsZWN0b3JfaWQiOiI2MTRlZmI4ODViMGQ4Iiwic2hvcnRjb2RlIjoidmNfcm93IiwiZGF0YSI6eyJ0YWJsZXQiOnt9LCJtb2JpbGUiOnt9fX0=&#8221; mobile_bg_img_hidden=&#8221;no&#8221; tablet_bg_img_hidden=&#8221;no&#8221; woodmart_parallax=&#8221;0&#8243; woodmart_gradient_switch=&#8221;no&#8221; row_reverse_mobile=&#8221;0&#8243; row_reverse_tablet=&#8221;0&#8243; woodmart_disable_overflow=&#8221;0&#8243;][vc_column offset=&#8221;vc_col-md-6&#8243;]\t\t<div id=\"wd-6804bd14d004a\" class=\"wd-image wd-wpb wd-rs-6804bd14d004a text-right vc_custom_1745141034083\">\n\t\t\t\n\t\t\t<img decoding=\"async\" width=\"696\" height=\"602\" src=\"https:\/\/ersaglife.de\/wp-content\/uploads\/2025\/04\/s_18_a_ersag_avrupa_katalog_bitkisel_yaglar_696x602.jpg\" class=\"attachment-full size-full\" alt=\"\" srcset=\"https:\/\/ersaglife.de\/wp-content\/uploads\/2025\/04\/s_18_a_ersag_avrupa_katalog_bitkisel_yaglar_696x602.jpg 696w, https:\/\/ersaglife.de\/wp-content\/uploads\/2025\/04\/s_18_a_ersag_avrupa_katalog_bitkisel_yaglar_696x602-430x372.jpg 430w, https:\/\/ersaglife.de\/wp-content\/uploads\/2025\/04\/s_18_a_ersag_avrupa_katalog_bitkisel_yaglar_696x602-150x130.jpg 150w, https:\/\/ersaglife.de\/wp-content\/uploads\/2025\/04\/s_18_a_ersag_avrupa_katalog_bitkisel_yaglar_696x602-347x300.jpg 347w\" sizes=\"(max-width: 696px) 100vw, 696px\" title=\"\">\n\t\t\t\t\t<\/div>\n\t\t[\/vc_column][vc_column css=&#8221;.vc_custom_1496394189503{padding-top: 0px !important;}&#8221; offset=&#8221;vc_col-md-6&#8243;]\n\t\t<div id=\"wd-67febb985e120\" class=\"title-wrapper wd-wpb wd-set-mb reset-last-child  wd-rs-67febb985e120 wd-title-color-default wd-title-style-default text-left vc_custom_1744747422102 wd-width-custom wd-title-empty wd-underline-colored\">\n\t\t\t\n\t\t\t<div class=\"liner-continer\">\n\t\t\t\t<h2 class=\"woodmart-title-container title  wd-font-weight- wd-fontsize-l\" ><\/h2>\n\t\t\t\t\t\t\t<\/div>\n\t\t\t\n\t\t\t\n\t\t\t\n\t\t<\/div>\n\t\t\n\t\t[vc_row_inner][vc_column_inner]\t\t\t<div class=\"info-box-wrapper\">\n\t\t\t\t<div id=\"wd-6804bd2d63c8b\" class=\" wd-rs-6804bd2d63c8b wd-info-box wd-wpb text-left box-icon-align-left box-style- color-scheme- wd-bg-none wd-items-top vc_custom_1745141069811\">\n\t\t\t\t\t\t\t\t\t\t\t<div class=\"box-icon-wrapper  box-with-text text-size-small box-icon-simple\">\n\t\t\t\t\t\t\t<div class=\"info-box-icon\">\n\t\t\t\t\t\t\t\t4046\t\t\t\t\t\t\t<\/div>\n\t\t\t\t\t\t<\/div>\n\t\t\t\t\t\t\t\t\t\t<div class=\"info-box-content\">\n\t\t\t\t\t\t\t\t\t\t\t\t<div class=\"info-box-inner reset-last-child\"><p><span style=\"color: #000000;\"><strong>Ersag Leinsamen\u00f6l 30ml<\/strong>\u00a0(Keten Tohumu Ya\u011f\u0131)<\/span><br \/>\n<span style=\"color: #000000;\">Mitgliedspreis: <strong>11,44\u20ac |\u00a0<\/strong>Katalogpreis: <strong>14,30\u20ac<\/strong><\/span><\/p>\n<p><span style=\"color: #000000;\"><strong>Punktewert f\u00fcr Aktionen: 0,73<\/strong><\/span><br \/>\n<span style=\"color: #000000;\">(Sammeln Sie 4 Punkte und sichern Sie sich mindestens 3 Gratisprodukte!)<\/span><\/p>\n<\/div>\n\n\t\t\t\t\t\t\t\t\t\t\t<\/div>\n\n\t\t\t\t\t\n\t\t\t\t\t\t\t\t\t<\/div>\n\t\t\t<\/div>\n\t\t[\/vc_column_inner][\/vc_row_inner][vc_row_inner][vc_column_inner]\t\t\t<div class=\"info-box-wrapper\">\n\t\t\t\t<div id=\"wd-6804bd51914ec\" class=\" wd-rs-6804bd51914ec wd-info-box wd-wpb text-left box-icon-align-left box-style- color-scheme- wd-bg-none wd-items-top vc_custom_1745141111951\">\n\t\t\t\t\t\t\t\t\t\t\t<div class=\"box-icon-wrapper  box-with-text text-size-small box-icon-simple\">\n\t\t\t\t\t\t\t<div class=\"info-box-icon\">\n\t\t\t\t\t\t\t\t4011\t\t\t\t\t\t\t<\/div>\n\t\t\t\t\t\t<\/div>\n\t\t\t\t\t\t\t\t\t\t<div class=\"info-box-content\">\n\t\t\t\t\t\t\t\t\t\t\t\t<div class=\"info-box-inner reset-last-child\"><p><span style=\"color: #000000;\"><strong>Ersag Mariendistel-\u00d6l 30ml<\/strong> (Deve Dikeni Ya\u011f\u0131)<\/span><br \/>\n<span style=\"color: #000000;\">Mitgliedspreis: <strong>14,52\u20ac |\u00a0<\/strong>Katalogpreis: <strong>18,15\u20ac<\/strong><\/span><\/p>\n<p><span style=\"color: #000000;\"><strong>Punktewert f\u00fcr Aktionen: 0,93<\/strong><\/span><br \/>\n<span style=\"color: #000000;\">(Sammeln Sie 4 Punkte und sichern Sie sich mindestens 3 Gratisprodukte!)<\/span><\/p>\n<\/div>\n\n\t\t\t\t\t\t\t\t\t\t\t<\/div>\n\n\t\t\t\t\t\n\t\t\t\t\t\t\t\t\t<\/div>\n\t\t\t<\/div>\n\t\t[\/vc_column_inner][\/vc_row_inner][vc_row_inner][vc_column_inner]\t\t\t<div class=\"info-box-wrapper\">\n\t\t\t\t<div id=\"wd-6804bd7ce45be\" class=\" wd-rs-6804bd7ce45be wd-info-box wd-wpb text-left box-icon-align-left box-style- color-scheme- wd-bg-none wd-items-top vc_custom_1745141145402\">\n\t\t\t\t\t\t\t\t\t\t\t<div class=\"box-icon-wrapper  box-with-text text-size-small box-icon-simple\">\n\t\t\t\t\t\t\t<div class=\"info-box-icon\">\n\t\t\t\t\t\t\t\t4005\t\t\t\t\t\t\t<\/div>\n\t\t\t\t\t\t<\/div>\n\t\t\t\t\t\t\t\t\t\t<div class=\"info-box-content\">\n\t\t\t\t\t\t\t\t\t\t\t\t<div class=\"info-box-inner reset-last-child\"><p><span style=\"color: #000000;\"><strong>Ersag K\u00fcrbiskern\u00f6l 30ml<\/strong>\u00a0(Kabak \u00c7ekirde\u011fi Ya\u011f\u0131 )<\/span><br \/>\n<span style=\"color: #000000;\">Mitgliedspreis: <strong>12,98\u20ac |\u00a0<\/strong>Katalogpreis: <strong>16,23\u20ac<\/strong><\/span><\/p>\n<p><span style=\"color: #000000;\"><strong>Punktewert f\u00fcr Aktionen: 0,83<\/strong><\/span><br \/>\n<span style=\"color: #000000;\">(Sammeln Sie 4 Punkte und sichern Sie sich mindestens 3 Gratisprodukte!)<\/span><\/p>\n<\/div>\n\n\t\t\t\t\t\t\t\t\t\t\t<\/div>\n\n\t\t\t\t\t\n\t\t\t\t\t\t\t\t\t<\/div>\n\t\t\t<\/div>\n\t\t[\/vc_column_inner][\/vc_row_inner]\t\t<div id=\"wd-6732107b52bab\" class=\"wd-text-block wd-wpb reset-last-child wd-rs-6732107b52bab text-left wd-fontsize-custom \">\n\t\t\t<p><em><span style=\"color: #808080;\">Sie k\u00f6nnen dieses Produkt zum Katalogpreis kaufen, ohne Mitglied zu sein. Bitte kontaktieren Sie uns, um mit Ersa\u011f Membership Advantage zu kaufen.<\/span><\/em><\/p>\n\t\t<\/div>\n\t\t[vc_raw_html css=&#8221;&#8221;]JTVCaHRtbF9ibG9jayUyMGlkJTNEJTIyMjMzMjUlMjIlNUQ=[\/vc_raw_html][\/vc_column][\/vc_row][vc_row el_id=&#8221;urun-aciklama-01&#8243; woodmart_css_id=&#8221;65e48e026b584&#8243; responsive_spacing=&#8221;eyJwYXJhbV90eXBlIjoid29vZG1hcnRfcmVzcG9uc2l2ZV9zcGFjaW5nIiwic2VsZWN0b3JfaWQiOiI2NWU0OGUwMjZiNTg0Iiwic2hvcnRjb2RlIjoidmNfcm93IiwiZGF0YSI6eyJ0YWJsZXQiOnt9LCJtb2JpbGUiOnt9fX0=&#8221; mobile_bg_img_hidden=&#8221;no&#8221; tablet_bg_img_hidden=&#8221;no&#8221; woodmart_parallax=&#8221;0&#8243; woodmart_gradient_switch=&#8221;no&#8221; woodmart_box_shadow=&#8221;no&#8221; wd_z_index=&#8221;no&#8221; woodmart_disable_overflow=&#8221;0&#8243; row_reverse_mobile=&#8221;0&#8243; row_reverse_tablet=&#8221;0&#8243;][vc_column][vc_raw_html]JTVCaHRtbF9ibG9jayUyMGlkJTNEJTIyMTAxNDIlMjIlNUQ=[\/vc_raw_html][\/vc_column][\/vc_row][vc_row css=&#8221;.vc_custom_1744571769980{margin-bottom: 120px !important;}&#8221; woodmart_css_id=&#8221;67fc0d6fbf3fa&#8221; responsive_spacing=&#8221;eyJwYXJhbV90eXBlIjoid29vZG1hcnRfcmVzcG9uc2l2ZV9zcGFjaW5nIiwic2VsZWN0b3JfaWQiOiI2N2ZjMGQ2ZmJmM2ZhIiwic2hvcnRjb2RlIjoidmNfcm93IiwiZGF0YSI6eyJ0YWJsZXQiOnt9LCJtb2JpbGUiOnt9fX0=&#8221; mobile_bg_img_hidden=&#8221;no&#8221; tablet_bg_img_hidden=&#8221;no&#8221; woodmart_parallax=&#8221;0&#8243; woodmart_gradient_switch=&#8221;no&#8221; woodmart_box_shadow=&#8221;no&#8221; wd_z_index=&#8221;no&#8221; woodmart_disable_overflow=&#8221;0&#8243; row_reverse_mobile=&#8221;0&#8243; row_reverse_tablet=&#8221;0&#8243;][vc_column][vc_raw_html]JTVCaHRtbF9ibG9jayUyMGlkJTNEJTIyMTA0NDAlMjIlNUQ=[\/vc_raw_html][vc_empty_space woodmart_hide_large=&#8221;0&#8243; woodmart_hide_medium=&#8221;0&#8243; woodmart_hide_small=&#8221;0&#8243;][\/vc_column][\/vc_row][vc_row el_id=&#8221;guncel-kampanya&#8221; woodmart_css_id=&#8221;65e48e2260572&#8243; responsive_spacing=&#8221;eyJwYXJhbV90eXBlIjoid29vZG1hcnRfcmVzcG9uc2l2ZV9zcGFjaW5nIiwic2VsZWN0b3JfaWQiOiI2NWU0OGUyMjYwNTcyIiwic2hvcnRjb2RlIjoidmNfcm93IiwiZGF0YSI6eyJ0YWJsZXQiOnt9LCJtb2JpbGUiOnt9fX0=&#8221; mobile_bg_img_hidden=&#8221;no&#8221; tablet_bg_img_hidden=&#8221;no&#8221; woodmart_parallax=&#8221;0&#8243; woodmart_gradient_switch=&#8221;no&#8221; woodmart_box_shadow=&#8221;no&#8221; wd_z_index=&#8221;no&#8221; woodmart_disable_overflow=&#8221;0&#8243; row_reverse_mobile=&#8221;0&#8243; row_reverse_tablet=&#8221;0&#8243;][vc_column][vc_raw_html]JTVCaHRtbF9ibG9jayUyMGlkJTNEJTIyOTQ5NSUyMiU1RA==[\/vc_raw_html][\/vc_column][\/vc_row][vc_row el_id=&#8221;urun-aciklama-02-sosyal-media-takip&#8221; woodmart_css_id=&#8221;65ff050d8650b&#8221; responsive_spacing=&#8221;eyJwYXJhbV90eXBlIjoid29vZG1hcnRfcmVzcG9uc2l2ZV9zcGFjaW5nIiwic2VsZWN0b3JfaWQiOiI2NWZmMDUwZDg2NTBiIiwic2hvcnRjb2RlIjoidmNfcm93IiwiZGF0YSI6eyJ0YWJsZXQiOnt9LCJtb2JpbGUiOnt9fX0=&#8221; mobile_bg_img_hidden=&#8221;no&#8221; tablet_bg_img_hidden=&#8221;no&#8221; woodmart_parallax=&#8221;0&#8243; woodmart_gradient_switch=&#8221;no&#8221; woodmart_box_shadow=&#8221;no&#8221; wd_z_index=&#8221;no&#8221; woodmart_disable_overflow=&#8221;0&#8243; row_reverse_mobile=&#8221;0&#8243; row_reverse_tablet=&#8221;0&#8243;][vc_column][vc_raw_html]JTVCaHRtbF9ibG9jayUyMGlkJTNEJTIyMTAyNDUlMjIlNUQ=[\/vc_raw_html][\/vc_column][\/vc_row]<\/p>\n<\/div>","protected":false},"excerpt":{"rendered":"<p>[vc_row content_placement=&#8221;middle&#8221; css=&#8221;.vc_custom_1632566163505{margin-bottom: 60px !important;}&#8221; woodmart_box_shadow=&#8221;no&#8221; wd_z_index=&#8221;no&#8221; woodmart_css_id=&#8221;614efb885b0d8&#8243; responsive_spacing=&#8221;eyJwYXJhbV90eXBlIjoid29vZG1hcnRfcmVzcG9uc2l2ZV9zcGFjaW5nIiwic2VsZWN0b3JfaWQiOiI2MTRlZmI4ODViMGQ4Iiwic2hvcnRjb2RlIjoidmNfcm93IiwiZGF0YSI6eyJ0YWJsZXQiOnt9LCJtb2JpbGUiOnt9fX0=&#8221; mobile_bg_img_hidden=&#8221;no&#8221; tablet_bg_img_hidden=&#8221;no&#8221; woodmart_parallax=&#8221;0&#8243; woodmart_gradient_switch=&#8221;no&#8221; row_reverse_mobile=&#8221;0&#8243; row_reverse_tablet=&#8221;0&#8243; woodmart_disable_overflow=&#8221;0&#8243;][vc_column offset=&#8221;vc_col-md-6&#8243;][\/vc_column][vc_column css=&#8221;.vc_custom_1496394189503{padding-top: 0px !important;}&#8221;<\/p>\n","protected":false},"featured_media":25714,"comment_status":"open","ping_status":"closed","template":"","meta":[],"product_brand":[],"product_cat":[86],"product_tag":[],"class_list":{"0":"post-27821","1":"product","2":"type-product","3":"status-publish","4":"has-post-thumbnail","6":"product_cat-vegetable-oils","8":"first","9":"instock","10":"shipping-taxable","11":"purchasable","12":"product-type-simple"},"_links":{"self":[{"href":"https:\/\/ersaglife.de\/tr\/wp-json\/wp\/v2\/product\/27821","targetHints":{"allow":["GET"]}}],"collection":[{"href":"https:\/\/ersaglife.de\/tr\/wp-json\/wp\/v2\/product"}],"about":[{"href":"https:\/\/ersaglife.de\/tr\/wp-json\/wp\/v2\/types\/product"}],"replies":[{"embeddable":true,"href":"https:\/\/ersaglife.de\/tr\/wp-json\/wp\/v2\/comments?post=27821"}],"wp:featuredmedia":[{"embeddable":true,"href":"https:\/\/ersaglife.de\/tr\/wp-json\/wp\/v2\/media\/25714"}],"wp:attachment":[{"href":"https:\/\/ersaglife.de\/tr\/wp-json\/wp\/v2\/media?parent=27821"}],"wp:term":[{"taxonomy":"product_brand","embeddable":true,"href":"https:\/\/ersaglife.de\/tr\/wp-json\/wp\/v2\/product_brand?post=27821"},{"taxonomy":"product_cat","embeddable":true,"href":"https:\/\/ersaglife.de\/tr\/wp-json\/wp\/v2\/product_cat?post=27821"},{"taxonomy":"product_tag","embeddable":true,"href":"https:\/\/ersaglife.de\/tr\/wp-json\/wp\/v2\/product_tag?post=27821"}],"curies":[{"name":"wp","href":"https:\/\/api.w.org\/{rel}","templated":true}]}}